{"id":471,"date":"2023-04-18T18:13:24","date_gmt":"2023-04-18T18:13:24","guid":{"rendered":"https:\/\/autocaravanesmontseny.cat\/politicas-de-privacitat\/"},"modified":"2023-04-20T15:54:42","modified_gmt":"2023-04-20T15:54:42","slug":"politicas-de-privacitat","status":"publish","type":"page","link":"https:\/\/autocaravanesmontseny.cat\/ca\/politicas-de-privacitat\/","title":{"rendered":"Pol\u00edticas de privacitat"},"content":{"rendered":"\t\t<div data-elementor-type=\"wp-page\" data-elementor-id=\"471\" class=\"elementor elementor-471 elementor-462\">\n\t\t\t\t\t\t\t\t\t<section class=\"elementor-section elementor-top-section elementor-element elementor-element-46d3dfd elementor-section-boxed elementor-section-height-default elementor-section-height-default\" data-id=\"46d3dfd\" data-element_type=\"section\">\n\t\t\t\t\t\t<div class=\"elementor-container elementor-column-gap-default\">\n\t\t\t\t\t<div class=\"elementor-column elementor-col-100 elementor-top-column elementor-element elementor-element-657df09\" data-id=\"657df09\" data-element_type=\"column\">\n\t\t\t<div class=\"elementor-widget-wrap elementor-element-populated\">\n\t\t\t\t\t\t\t\t<div class=\"elementor-element elementor-element-341bc22 elementor-widget elementor-widget-heading\" data-id=\"341bc22\" data-element_type=\"widget\" data-widget_type=\"heading.default\">\n\t\t\t\t<div class=\"elementor-widget-container\">\n\t\t\t<style>\/*! elementor - v3.12.1 - 02-04-2023 *\/\n.elementor-heading-title{padding:0;margin:0;line-height:1}.elementor-widget-heading .elementor-heading-title[class*=elementor-size-]>a{color:inherit;font-size:inherit;line-height:inherit}.elementor-widget-heading .elementor-heading-title.elementor-size-small{font-size:15px}.elementor-widget-heading .elementor-heading-title.elementor-size-medium{font-size:19px}.elementor-widget-heading .elementor-heading-title.elementor-size-large{font-size:29px}.elementor-widget-heading .elementor-heading-title.elementor-size-xl{font-size:39px}.elementor-widget-heading .elementor-heading-title.elementor-size-xxl{font-size:59px}<\/style><h2 class=\"elementor-heading-title elementor-size-default\">Pol\u00edtica de privacitat<\/h2>\t\t<\/div>\n\t\t\t\t<\/div>\n\t\t\t\t<div class=\"elementor-element elementor-element-7a800a5 elementor-widget elementor-widget-text-editor\" data-id=\"7a800a5\" data-element_type=\"widget\" data-widget_type=\"text-editor.default\">\n\t\t\t\t<div class=\"elementor-widget-container\">\n\t\t\t<style>\/*! elementor - v3.12.1 - 02-04-2023 *\/\n.elementor-widget-text-editor.elementor-drop-cap-view-stacked .elementor-drop-cap{background-color:#69727d;color:#fff}.elementor-widget-text-editor.elementor-drop-cap-view-framed .elementor-drop-cap{color:#69727d;border:3px solid;background-color:transparent}.elementor-widget-text-editor:not(.elementor-drop-cap-view-default) .elementor-drop-cap{margin-top:8px}.elementor-widget-text-editor:not(.elementor-drop-cap-view-default) .elementor-drop-cap-letter{width:1em;height:1em}.elementor-widget-text-editor .elementor-drop-cap{float:left;text-align:center;line-height:1;font-size:50px}.elementor-widget-text-editor .elementor-drop-cap-letter{display:inline-block}<\/style>\t\t\t\t<p>De conformitat amb el Reglament (UE) 2016\/679 del Parlament Europeu i del Consell de 27 d\u2019abril de 2016, relatiu a la protecci\u00f3 de les persones f\u00edsiques pel que fa al tractament de les dades personals i a la lliure circulaci\u00f3 d\u2019aquestes dades ( a endavant, l\u2019RGPD), ens informem que les dades facilitades de forma gratu\u00efta i volunt\u00e0ria per als usuaris a la web <strong>www.autocaravanesmontseny.cat<\/strong> seran processats per:<\/p>\n<p><strong>RESPONSABLE DEL TRACTAMENT DE LES SEVES DADES:<\/strong><strong> <\/strong><\/p>\n<ul>\n<li>Titular: <strong>Autocaravanas Montseny, S.L.<\/strong><\/li>\n<li>NIF: B65317893<\/li>\n<li>Direcci\u00f3: Carretera C35, Km 56,4 08470 Sant Celoni<\/li>\n<li>Tel\u00e9fon: 93 867 30 68<\/li>\n<li>Email: <a href=\"mailto:info@autocaravanesmontseny.cat\">info@autocaravanesmontseny.cat<\/a><\/li>\n<\/ul>\n<p><strong>FINALITAT DEL TRACTAMENT:<\/strong><strong> <\/strong><\/p>\n<p>Les seves dades personals seran utilitzades amb l\u2019objectiu general de la gesti\u00f3 i control de la relaci\u00f3 establerta i espec\u00edficament per a:<\/p>\n<ul>\n<li>Gestionar l\u2019acc\u00e9s complet a la p\u00e0gina web i l\u2019\u00fas correcte dels serveis per part dels usuaris dels mateixos.<\/li>\n<\/ul>\n<ul>\n<li>Per comunicar-nos amb els usuaris en resposta a incid\u00e8ncies, sol\u00b7licituds, comentaris i preguntes que ens realitzem a trav\u00e9s dels serveis o els formularis de contacte de la nostra p\u00e0gina web (inclosos, els xats o les trucades telef\u00f2niques).<\/li>\n<\/ul>\n<ul>\n<li>Per oferir nous productes, serveis, ofertes especials o actualitzacions.<\/li>\n<\/ul>\n<ul>\n<li>Comunicacions: Podrem enviar correus electr\u00f2nics, missatges i altres tipus de<\/li>\n<\/ul>\n<p>comunicaci\u00f3 en refer\u00e8ncia als serveis, q\u00fcestions t\u00e8cniques i canvis en els mateixos. Aquestes comunicacions es consideren part dels serveis i no es pot renunciar a les mateixes.<\/p>\n<ul>\n<li>Comunicacions Comercials (M\u00e0rqueting): Podrem utilitzar les seves dades per contactar-lo, tant per via electr\u00f2nica com sense electr\u00f2nica, per realitzar enquestes, obtenir la seva opini\u00f3 sobre el servei prestat, i, ocasionalment, per notificar-li canvis, importants desenvolupaments dels serveis, ofertes i \/ o promocions. Aquestes ofertes comercials seran, en tot cas, autoritzades de forma expressa i separada per l\u2019usuari que pot revocar en qualsevol moment el seu consentiment per rebre aquestes notificacions utilitzant el mecanisme que s\u2019implementi al seu efecte, o remetent un escrit amb l\u2019assumpte \u201d Baixa \u201ca <a href=\"mailto:info@autocaravanesmontseny.cat\">info@autocaravanesmontseny.cat<\/a> No tractarem les seves dades personals per a cap altra finalitat m\u00e9s enll\u00e0 de les descrites anteriorment, excepte que vingui per llei o existeixi algun requeriment judicial.<strong style=\"font-size: 16px;\"> <\/strong><\/li>\n<\/ul>\n<p><strong>CONSERVACI\u00d3 DE LES DADES:<\/strong><\/p>\n<p>Les dades de car\u00e0cter personal es conservaran durant el termini legal corresponent.<\/p>\n<p>En aquest sentit:<\/p>\n<p>Les dades empleades per gestionar la relaci\u00f3 amb el client i la facturaci\u00f3 i la cobrament dels productes i serveis es conservaran durant tot el temps en qu\u00e8 el contracte estigui vigent.<\/p>\n<p>Una vegada finalitzada aquesta relaci\u00f3, en el seu cas, les dades es podran conservar durant el temps exigit per la legislaci\u00f3 aplicable i fins que prescriuen les possibles responsabilitats derivades del contractat de servei.<\/p>\n<p>Les dades necess\u00e0ries per enviar els butlletins informatius i les comunicacions comercials dels nostres productes o serveis es conservaran indefinidament fins que el usuari manifesti, en el seu cas, la seva voluntat de eliminar-los.<\/p>\n<p><strong>DESTINATARIS DE CESIONS O TRANSFER\u00c8NCIES.<\/strong><strong> <\/strong><\/p>\n<p>Amb car\u00e0cter general, Autocaravanas Montseny, S.L. no cedir\u00e0 les seves dades personals a tercers excepte que estiguem obligats legalment a aix\u00f2 o vost\u00e8 ens ha autoritzat expressament a fer \u00fas dels nostres serveis.<\/p>\n<p><strong>EXERCICI DE DRETS<\/strong><strong> <\/strong><\/p>\n<p>En qualsevol moment, l\u2019usuari podr\u00e0 exercir els drets d\u2019acc\u00e9s a les seves dades de car\u00e0cter personal, de rectificaci\u00f3 dels dades inexactes, de supressi\u00f3 dels dades que ja no s\u00f3n necessaris o, quan es dona algun dels altres assumptes de la RGPD, el dret a oposar-se a la seva tractament per motius relacionats amb la seva situaci\u00f3 particular, aix\u00ed com a la limitaci\u00f3 i portabilitat d\u2019acord amb les condicions previstes en el RGPD, mitjan\u00e7ant una comunicaci\u00f3 escrita que indiqui el motiu de la seva sol\u00b7licitud, juntament amb una c\u00f2pia del seu DNI, dirigida a: Autocaravanas Montseny, S.L. Servei d\u2019atenci\u00f3 al client, Carretera C35, Km 56,4 08470 Sant Celoni, indicant en el cas del correu \u201cSol\u00b7licitud drets RGPD\u201d.<\/p>\n<p>A m\u00e9s, en tot moment, l\u2019usuari tamb\u00e9 t\u00e9 dret a presentar una reclamaci\u00f3 davant l\u2019Ag\u00e8ncia Espanyola de Protecci\u00f3 de Dades o l\u2019autoritat de control.<\/p>\n\t\t\t\t\t\t<\/div>\n\t\t\t\t<\/div>\n\t\t\t\t\t<\/div>\n\t\t<\/div>\n\t\t\t\t\t\t\t<\/div>\n\t\t<\/section>\n\t\t\t\t\t\t\t<\/div>\n\t\t","protected":false},"excerpt":{"rendered":"<p>Pol\u00edtica de privacitat De conformitat amb el Reglament (UE) 2016\/679 del Parlament Europeu i del Consell de 27 d\u2019abril de 2016, relatiu a la protecci\u00f3 de les persones f\u00edsiques pel que fa al tractament de les dades personals i a la lliure circulaci\u00f3 d\u2019aquestes dades ( a endavant, l\u2019RGPD), ens informem que les dades facilitades &hellip;<\/p>\n<p class=\"read-more\"> <a class=\"\" href=\"https:\/\/autocaravanesmontseny.cat\/ca\/politicas-de-privacitat\/\"> <span class=\"screen-reader-text\">Pol\u00edticas de privacitat<\/span> Llegeix m\u00e9s &raquo;<\/a><\/p>\n","protected":false},"author":1,"featured_media":0,"parent":0,"menu_order":0,"comment_status":"closed","ping_status":"closed","template":"elementor_header_footer","meta":{"site-sidebar-layout":"no-sidebar","site-content-layout":"page-builder","ast-global-header-display":"","ast-main-header-display":"","ast-hfb-above-header-display":"","ast-hfb-below-header-display":"","ast-hfb-mobile-header-display":"","site-post-title":"disabled","ast-breadcrumbs-content":"","ast-featured-img":"disabled","footer-sml-layout":"","theme-transparent-header-meta":"default","adv-header-id-meta":"","stick-header-meta":"","header-above-stick-meta":"","header-main-stick-meta":"","header-below-stick-meta":""},"_links":{"self":[{"href":"https:\/\/autocaravanesmontseny.cat\/ca\/wp-json\/wp\/v2\/pages\/471"}],"collection":[{"href":"https:\/\/autocaravanesmontseny.cat\/ca\/wp-json\/wp\/v2\/pages"}],"about":[{"href":"https:\/\/autocaravanesmontseny.cat\/ca\/wp-json\/wp\/v2\/types\/page"}],"author":[{"embeddable":true,"href":"https:\/\/autocaravanesmontseny.cat\/ca\/wp-json\/wp\/v2\/users\/1"}],"replies":[{"embeddable":true,"href":"https:\/\/autocaravanesmontseny.cat\/ca\/wp-json\/wp\/v2\/comments?post=471"}],"version-history":[{"count":1,"href":"https:\/\/autocaravanesmontseny.cat\/ca\/wp-json\/wp\/v2\/pages\/471\/revisions"}],"predecessor-version":[{"id":472,"href":"https:\/\/autocaravanesmontseny.cat\/ca\/wp-json\/wp\/v2\/pages\/471\/revisions\/472"}],"wp:attachment":[{"href":"https:\/\/autocaravanesmontseny.cat\/ca\/wp-json\/wp\/v2\/media?parent=471"}],"curies":[{"name":"wp","href":"https:\/\/api.w.org\/{rel}","templated":true}]}}